{"id":6546,"date":"2025-03-26T14:20:00","date_gmt":"2025-03-26T17:20:00","guid":{"rendered":"https:\/\/andesartfoundation.org\/?page_id=6546"},"modified":"2025-03-26T16:18:30","modified_gmt":"2025-03-26T19:18:30","slug":"noticias","status":"publish","type":"page","link":"https:\/\/andesartfoundation.org\/en\/noticias\/","title":{"rendered":"News"},"content":{"rendered":"<div data-elementor-type=\"wp-page\" data-elementor-id=\"6546\" class=\"elementor elementor-6546\" data-elementor-post-type=\"page\">\n\t\t\t\t<div class=\"elementor-element elementor-element-45112b8 e-flex e-con-boxed e-con e-parent\" data-id=\"45112b8\" data-element_type=\"container\">\n\t\t\t\t\t<div class=\"e-con-inner\">\n\t\t\t\t\t<\/div>\n\t\t\t\t<\/div>\n\t\t<div class=\"elementor-element elementor-element-2ecb4eb e-flex e-con-boxed e-con e-parent\" data-id=\"2ecb4eb\" data-element_type=\"container\">\n\t\t\t\t\t<div class=\"e-con-inner\">\n\t\t\t\t<div class=\"elementor-element elementor-element-40f7a0c elementor-widget elementor-widget-heading\" data-id=\"40f7a0c\" data-element_type=\"widget\" data-widget_type=\"heading.default\">\n\t\t\t\t<div class=\"elementor-widget-container\">\n\t\t\t\t\t<h2 class=\"elementor-heading-title elementor-size-default\">News<\/h2>\t\t\t\t<\/div>\n\t\t\t\t<\/div>\n\t\t\t\t<div class=\"elementor-element elementor-element-32f0ea3 elementor-widget elementor-widget-hub_fancy_heading\" data-id=\"32f0ea3\" data-element_type=\"widget\" data-widget_type=\"hub_fancy_heading.default\">\n\t\t\t\t<div class=\"elementor-widget-container\">\n\t\t\t\t\t\n\t\t<div id=\"ld-fancy-heading-69df914824477\" class=\"ld-fancy-heading pos-rel\">\n\t\t\t<p class=\"ld-fh-element d-inline-block pos-rel  lqd-highlight-classic lqd-highlight-grow-left p\"  > Stay informed about our events, exhibitions, and collaborations.<br>\nAqu\u00ed encontrar\u00e1s art\u00edculos, entrevistas y novedades del mundo del arte.<\/p>\t\t<\/div>\n\n\t\t\t\t\t\t<\/div>\n\t\t\t\t<\/div>\n\t\t\t\t\t<\/div>\n\t\t\t\t<\/div>\n\t\t<div class=\"elementor-element elementor-element-d0532e4 e-flex e-con-boxed e-con e-parent\" data-id=\"d0532e4\" data-element_type=\"container\">\n\t\t\t\t\t<div class=\"e-con-inner\">\n\t\t<div class=\"elementor-element elementor-element-4bf3c02 e-con-full e-flex e-con e-child\" data-id=\"4bf3c02\" data-element_type=\"container\">\n\t\t\t\t<div class=\"elementor-element elementor-element-e13f80d elementor-posts--show-thumbnail elementor-widget elementor-widget-posts\" data-id=\"e13f80d\" data-element_type=\"widget\" data-settings=\"{&quot;full_content_row_gap&quot;:{&quot;unit&quot;:&quot;px&quot;,&quot;size&quot;:35,&quot;sizes&quot;:[]}}\" data-widget_type=\"posts.full_content\">\n\t\t\t\t<div class=\"elementor-widget-container\">\n\t\t\t\t\t\t\t<div class=\"elementor-posts-container elementor-posts elementor-posts--skin-full_content elementor-grid\" role=\"list\">\n\t\t\t\t<article class=\"elementor-post elementor-grid-item post-6576 post type-post status-publish format-standard has-post-thumbnail hentry category-news\" role=\"listitem\">\n\t\t\t\t<a class=\"elementor-post__thumbnail__link\" href=\"https:\/\/andesartfoundation.org\/en\/taller-comunitario-intercontinental-conexion-entre-poconche-y-wandsworth\/\" tabindex=\"-1\" >\n\t\t<div class=\"elementor-post__thumbnail\"><img fetchpriority=\"high\" decoding=\"async\" width=\"2881\" height=\"1621\" src=\"https:\/\/andesartfoundation.org\/wp-content\/uploads\/2025\/03\/home_foto09.jpg\" class=\"attachment-full size-full wp-image-6054\" alt=\"\" srcset=\"https:\/\/andesartfoundation.org\/wp-content\/uploads\/2025\/03\/home_foto09.jpg 2881w, https:\/\/andesartfoundation.org\/wp-content\/uploads\/2025\/03\/home_foto09-300x169.jpg 300w, https:\/\/andesartfoundation.org\/wp-content\/uploads\/2025\/03\/home_foto09-1024x576.jpg 1024w, https:\/\/andesartfoundation.org\/wp-content\/uploads\/2025\/03\/home_foto09-1536x864.jpg 1536w, https:\/\/andesartfoundation.org\/wp-content\/uploads\/2025\/03\/home_foto09-2048x1152.jpg 2048w, https:\/\/andesartfoundation.org\/wp-content\/uploads\/2025\/03\/home_foto09-600x338.jpg 600w, https:\/\/andesartfoundation.org\/wp-content\/uploads\/2025\/03\/home_foto09-18x10.jpg 18w\" sizes=\"(max-width: 2881px) 100vw, 2881px\" \/><\/div>\n\t\t<\/a>\n\t\t\t\t<div class=\"elementor-post__text\">\n\t\t\t\t<h1 class=\"elementor-post__title\">\n\t\t\t<a href=\"https:\/\/andesartfoundation.org\/en\/taller-comunitario-intercontinental-conexion-entre-poconche-y-wandsworth\/\" >\n\t\t\t\tIntercontinental Community Workshop: Connecting Poconche and Wandsworth\t\t\t<\/a>\n\t\t<\/h1>\n\t\t\t\t<div class=\"elementor-post__meta-data\">\n\t\t\t\t\t<span class=\"elementor-post-date\">\n\t\t\t26\/03\/2025\t\t<\/span>\n\t\t\t\t<\/div>\n\t\t<p>Today we had the pleasure of holding our first intercontinental community workshop, held in collaboration with the <i>Westbury Art Group<\/i>, a community group based in Wandsworth, London. The workshop, led by artists Erica Parret and Brian McClure, brought together residents of the local Wandsworth community with members of our community in Poconche, creating a unique and enriching artistic experience for all participants.<\/p>\n<p>The two-hour workshop allowed attendees to explore new forms of artistic expression, creating connections through art. It was an opportunity to strengthen the connection between our communities, fostering cultural and creative exchange.<\/p>\n<p>Hoping this collaboration continues, I pledge to reach out to some Atacama residents interested in participating and joining future virtual meetings with the Clapham group. We're excited about what this exchange can generate in terms of creativity, learning, and friendship.<\/p>\n\t\t<\/div>\n\t\t\t\t<\/article>\n\t\t\t\t<\/div>\n\t\t\n\t\t\t\t\t\t<\/div>\n\t\t\t\t<\/div>\n\t\t\t\t<\/div>\n\t\t\t\t\t<\/div>\n\t\t\t\t<\/div>\n\t\t\t\t<\/div>","protected":false},"excerpt":{"rendered":"<p>Noticias Mantente informado sobre nuestros eventos, exposiciones y colaboraciones. Aqu\u00ed encontrar\u00e1s art\u00edculos, entrevistas y novedades del mundo del arte.<\/p>","protected":false},"author":1,"featured_media":0,"parent":0,"menu_order":0,"comment_status":"closed","ping_status":"closed","template":"","meta":{"footnotes":""},"class_list":["post-6546","page","type-page","status-publish","hentry"],"_links":{"self":[{"href":"https:\/\/andesartfoundation.org\/en\/wp-json\/wp\/v2\/pages\/6546","targetHints":{"allow":["GET"]}}],"collection":[{"href":"https:\/\/andesartfoundation.org\/en\/wp-json\/wp\/v2\/pages"}],"about":[{"href":"https:\/\/andesartfoundation.org\/en\/wp-json\/wp\/v2\/types\/page"}],"author":[{"embeddable":true,"href":"https:\/\/andesartfoundation.org\/en\/wp-json\/wp\/v2\/users\/1"}],"replies":[{"embeddable":true,"href":"https:\/\/andesartfoundation.org\/en\/wp-json\/wp\/v2\/comments?post=6546"}],"version-history":[{"count":24,"href":"https:\/\/andesartfoundation.org\/en\/wp-json\/wp\/v2\/pages\/6546\/revisions"}],"predecessor-version":[{"id":6583,"href":"https:\/\/andesartfoundation.org\/en\/wp-json\/wp\/v2\/pages\/6546\/revisions\/6583"}],"wp:attachment":[{"href":"https:\/\/andesartfoundation.org\/en\/wp-json\/wp\/v2\/media?parent=6546"}],"curies":[{"name":"wp","href":"https:\/\/api.w.org\/{rel}","templated":true}]}}