{"id":6663,"date":"2025-03-27T13:43:43","date_gmt":"2025-03-27T16:43:43","guid":{"rendered":"https:\/\/andesartfoundation.org\/?page_id=6663"},"modified":"2025-03-27T15:19:02","modified_gmt":"2025-03-27T18:19:02","slug":"donate","status":"publish","type":"page","link":"https:\/\/andesartfoundation.org\/en\/donate\/","title":{"rendered":"Donaciones"},"content":{"rendered":"<div data-elementor-type=\"wp-page\" data-elementor-id=\"6663\" class=\"elementor elementor-6663\" data-elementor-post-type=\"page\">\n\t\t\t\t<div class=\"elementor-element elementor-element-04112f7 e-flex e-con-boxed e-con e-parent\" data-id=\"04112f7\" data-element_type=\"container\" id=\"donaciones\" data-settings=\"{&quot;background_background&quot;:&quot;slideshow&quot;,&quot;background_slideshow_gallery&quot;:[{&quot;id&quot;:6666,&quot;url&quot;:&quot;https:\\\/\\\/andesartfoundation.org\\\/wp-content\\\/uploads\\\/2025\\\/03\\\/Atacama_copia02.jpg&quot;}],&quot;background_slideshow_loop&quot;:&quot;yes&quot;,&quot;background_slideshow_slide_duration&quot;:5000,&quot;background_slideshow_slide_transition&quot;:&quot;fade&quot;,&quot;background_slideshow_transition_duration&quot;:500}\">\n\t\t\t\t\t<div class=\"e-con-inner\">\n\t\t\t\t<div class=\"elementor-element elementor-element-2658276 elementor-widget elementor-widget-hub_fancy_heading\" data-id=\"2658276\" data-element_type=\"widget\" data-widget_type=\"hub_fancy_heading.default\">\n\t\t\t\t<div class=\"elementor-widget-container\">\n\t\t\t\t\t\n\t\t<div id=\"ld-fancy-heading-69e20d4748f60\" class=\"ld-fancy-heading pos-rel\">\n\t\t\t<h2 class=\"ld-fh-element d-inline-block pos-rel  elementor-heading-title lqd-highlight-classic lqd-highlight-grow-left h2\"  > Apoya el Arte y<br>la Cultura Andina \u2764<\/h2>\t\t<\/div>\n\n\t\t\t\t\t\t<\/div>\n\t\t\t\t<\/div>\n\t\t\t\t<div class=\"elementor-element elementor-element-a7ef6af elementor-widget-divider--view-line elementor-widget elementor-widget-divider\" data-id=\"a7ef6af\" data-element_type=\"widget\" data-widget_type=\"divider.default\">\n\t\t\t\t<div class=\"elementor-widget-container\">\n\t\t\t\t\t\t\t<div class=\"elementor-divider\">\n\t\t\t<span class=\"elementor-divider-separator\">\n\t\t\t\t\t\t<\/span>\n\t\t<\/div>\n\t\t\t\t\t\t<\/div>\n\t\t\t\t<\/div>\n\t\t\t\t<div class=\"elementor-element elementor-element-257f261 elementor-widget elementor-widget-text-editor\" data-id=\"257f261\" data-element_type=\"widget\" data-widget_type=\"text-editor.default\">\n\t\t\t\t<div class=\"elementor-widget-container\">\n\t\t\t\t\t\t\t\t\t<p>En nuestra fundaci\u00f3n, creemos que el arte tiene el poder de transformar vidas y comunidades. Para continuar con nuestra labor, necesitamos tu apoyo. Cada donaci\u00f3n es una inversi\u00f3n directa en el futuro de los artistas y participantes de las regiones andinas de Chile, Bolivia, Argentina y Per\u00fa.<\/p><p>Con tu colaboraci\u00f3n, podremos mejorar nuestras instalaciones, ofrecer nuevas oportunidades de formaci\u00f3n y capacitar a los voluntarios y mentores que guiar\u00e1n a las futuras generaciones de artistas. Juntos, podremos mantener viva la esencia del arte en estas comunidades, asegurando que la creatividad y la cultura florezcan de manera sostenible.<\/p><p>Tu apoyo es fundamental para que podamos seguir creciendo y llevando la magia del arte a quienes m\u00e1s lo necesitan. \u00a1Ay\u00fadanos a seguir construyendo un futuro m\u00e1s creativo y enriquecedor para todos!<\/p>\t\t\t\t\t\t\t\t<\/div>\n\t\t\t\t<\/div>\n\t\t\t\t<div class=\"elementor-element elementor-element-54f20a8 elementor-widget-divider--view-line elementor-widget elementor-widget-divider\" data-id=\"54f20a8\" data-element_type=\"widget\" data-widget_type=\"divider.default\">\n\t\t\t\t<div class=\"elementor-widget-container\">\n\t\t\t\t\t\t\t<div class=\"elementor-divider\">\n\t\t\t<span class=\"elementor-divider-separator\">\n\t\t\t\t\t\t<\/span>\n\t\t<\/div>\n\t\t\t\t\t\t<\/div>\n\t\t\t\t<\/div>\n\t\t<div class=\"elementor-element elementor-element-b01c4b9 e-con-full e-flex e-con e-child\" data-id=\"b01c4b9\" data-element_type=\"container\">\n\t\t<div class=\"elementor-element elementor-element-ec137bb e-grid e-con-full e-con e-child\" data-id=\"ec137bb\" data-element_type=\"container\">\n\t\t\t\t<div class=\"elementor-element elementor-element-69b891f elementor-widget elementor-widget-text-editor\" data-id=\"69b891f\" data-element_type=\"widget\" data-widget_type=\"text-editor.default\">\n\t\t\t\t<div class=\"elementor-widget-container\">\n\t\t\t\t\t\t\t\t\t<b>DATOS CUENTA BANCARIA:<\/b><br>\nBanco Santander<br>\nFundaci\u00f3n Andes Art<br>\nCuenta Corriente<br>\nRUT: 65.136.519-8<br>\nN\u00b0 de Cuenta: 92754472\t\t\t\t\t\t\t\t<\/div>\n\t\t\t\t<\/div>\n\t\t\t\t<div class=\"elementor-element elementor-element-178a9f7 elementor-widget elementor-widget-text-editor\" data-id=\"178a9f7\" data-element_type=\"widget\" data-widget_type=\"text-editor.default\">\n\t\t\t\t<div class=\"elementor-widget-container\">\n\t\t\t\t\t\t\t\t\t<b>DATOS CUENTA PAYPAL:<\/b><br>\nFundaci\u00f3n Andes Art<br>\nEmail: andesartf@gmail.com<br>\nMerchant ID: 2ZEDU3XCS4HEN<br>\nPhone number: +56 941041860<br>\nAccount Type: Business\t\t\t\t\t\t\t\t<\/div>\n\t\t\t\t<\/div>\n\t\t\t\t<\/div>\n\t\t\t\t<\/div>\n\t\t<div class=\"elementor-element elementor-element-455e11e e-con-full e-flex e-con e-child\" data-id=\"455e11e\" data-element_type=\"container\">\n\t\t\t\t<\/div>\n\t\t\t\t\t<\/div>\n\t\t\t\t<\/div>\n\t\t\t\t<\/div>","protected":false},"excerpt":{"rendered":"<p>Apoya el Arte yla Cultura Andina \u2764 En nuestra fundaci\u00f3n, creemos que el arte tiene el poder de transformar vidas y comunidades. Para continuar con nuestra labor, necesitamos tu apoyo. [&hellip;]<\/p>","protected":false},"author":1,"featured_media":0,"parent":0,"menu_order":0,"comment_status":"closed","ping_status":"closed","template":"","meta":{"footnotes":""},"class_list":["post-6663","page","type-page","status-publish","hentry"],"_links":{"self":[{"href":"https:\/\/andesartfoundation.org\/en\/wp-json\/wp\/v2\/pages\/6663","targetHints":{"allow":["GET"]}}],"collection":[{"href":"https:\/\/andesartfoundation.org\/en\/wp-json\/wp\/v2\/pages"}],"about":[{"href":"https:\/\/andesartfoundation.org\/en\/wp-json\/wp\/v2\/types\/page"}],"author":[{"embeddable":true,"href":"https:\/\/andesartfoundation.org\/en\/wp-json\/wp\/v2\/users\/1"}],"replies":[{"embeddable":true,"href":"https:\/\/andesartfoundation.org\/en\/wp-json\/wp\/v2\/comments?post=6663"}],"version-history":[{"count":43,"href":"https:\/\/andesartfoundation.org\/en\/wp-json\/wp\/v2\/pages\/6663\/revisions"}],"predecessor-version":[{"id":6723,"href":"https:\/\/andesartfoundation.org\/en\/wp-json\/wp\/v2\/pages\/6663\/revisions\/6723"}],"wp:attachment":[{"href":"https:\/\/andesartfoundation.org\/en\/wp-json\/wp\/v2\/media?parent=6663"}],"curies":[{"name":"wp","href":"https:\/\/api.w.org\/{rel}","templated":true}]}}