{"id":6931,"date":"2025-05-07T10:34:29","date_gmt":"2025-05-07T14:34:29","guid":{"rendered":"https:\/\/andesartfoundation.org\/?page_id=6931"},"modified":"2025-05-07T10:53:47","modified_gmt":"2025-05-07T14:53:47","slug":"terminos-y-condiciones","status":"publish","type":"page","link":"https:\/\/andesartfoundation.org\/en\/terminos-y-condiciones\/","title":{"rendered":"Terms and Conditions"},"content":{"rendered":"<div data-elementor-type=\"wp-page\" data-elementor-id=\"6931\" class=\"elementor elementor-6931\" data-elementor-post-type=\"page\">\n\t\t\t\t<div class=\"elementor-element elementor-element-97c3683 e-flex e-con-boxed e-con e-parent\" data-id=\"97c3683\" data-element_type=\"container\">\n\t\t\t\t\t<div class=\"e-con-inner\">\n\t\t\t\t\t<\/div>\n\t\t\t\t<\/div>\n\t\t<div class=\"elementor-element elementor-element-d2e2455 e-flex e-con-boxed e-con e-parent\" data-id=\"d2e2455\" data-element_type=\"container\">\n\t\t\t\t\t<div class=\"e-con-inner\">\n\t\t\t\t<div class=\"elementor-element elementor-element-62ab8cb elementor-widget elementor-widget-heading\" data-id=\"62ab8cb\" data-element_type=\"widget\" data-widget_type=\"heading.default\">\n\t\t\t\t<div class=\"elementor-widget-container\">\n\t\t\t\t\t<h2 class=\"elementor-heading-title elementor-size-default\">AAF Terms and Conditions<\/h2>\t\t\t\t<\/div>\n\t\t\t\t<\/div>\n\t\t\t\t<div class=\"elementor-element elementor-element-dafc489 elementor-widget elementor-widget-hub_fancy_heading\" data-id=\"dafc489\" data-element_type=\"widget\" data-widget_type=\"hub_fancy_heading.default\">\n\t\t\t\t<div class=\"elementor-widget-container\">\n\t\t\t\t\t\n\t\t<div id=\"ld-fancy-heading-69df93216a72b\" class=\"ld-fancy-heading pos-rel\">\n\t\t\t<p class=\"ld-fh-element d-inline-block pos-rel  lqd-highlight-classic lqd-highlight-grow-left p\"  > <h4>1. Acceptance of Terms<\/h4>\nBy accessing and using this website, you agree to comply with these terms and conditions. If you do not agree, please refrain from using the site.\n<br \/>\n<br \/>\n<h4>2. Intellectual Property<\/h4>\nAll content on this website, including text, images, logos, and designs, is the property of The Andes Art Foundation or its licensors and is protected by copyright laws. Unauthorized use is prohibited.\n<br \/>\n<br \/>\n<h4>3. Use of Website<\/h4>\nYou may use this website for personal, non-commercial purposes only. Any misuse, including hacking or data scraping, is strictly prohibited.\n<br \/>\n<br \/>\n<h4>4. User Contributions<\/h4>\nIf you submit content (e.g., comments, images), you grant The Andes Art Foundation a non-exclusive, royalty-free license to use, reproduce, and display your content.\n<br \/>\n<br \/>\n<h4>5. Privacy Policy<\/h4>\nYour use of this website is subject to our Privacy Policy, which outlines how we collect, use, and protect your personal data.\n<br \/>\n<br \/>\n<h4>6. External Links<\/h4>\nThis website may contain links to third-party websites. The Andes Art Foundation is not responsible for the content or practices of these external sites.\n<br \/>\n<br \/>\n<h4>7. Limitation of Liability<\/h4>\nThe Andes Art Foundation is not liable for any damages arising from the use or inability to use this website.\n<br \/>\n<br \/>\n<h4>8. Changes to Terms<\/h4>\nWe reserve the right to update these terms at any time. Changes will be posted on this page with an updated effective date.\n<br \/>\n<br \/>\n<h4>9. Governing Law<\/h4>\nThese terms are governed by the laws of Chile. Any disputes will be resolved in the courts of Chile.\n<br \/>\n<br \/>\n<h4>10. Contact Information<\/h4>\nFor questions about these terms, please contact us at:\n<br \/>\n<b>Email:<\/b> <a>andesartorg@gmail.com<\/a>\n<br \/>\n<b>Phone:<\/b>+56 9 41041860\n<br \/>\n<b>Address:<\/b> Av. Presidente Riesco 5435. Of. 1601, Las Condes\nSantiago, Chile.<\/p>\t\t<\/div>\n\n\t\t\t\t\t\t<\/div>\n\t\t\t\t<\/div>\n\t\t\t\t\t<\/div>\n\t\t\t\t<\/div>\n\t\t<div class=\"elementor-element elementor-element-0b78e2e e-flex e-con-boxed e-con e-parent\" data-id=\"0b78e2e\" data-element_type=\"container\">\n\t\t\t\t\t<div class=\"e-con-inner\">\n\t\t\t\t<div class=\"elementor-element elementor-element-01972a6 elementor-widget-divider--view-line elementor-widget elementor-widget-divider\" data-id=\"01972a6\" data-element_type=\"widget\" data-widget_type=\"divider.default\">\n\t\t\t\t<div class=\"elementor-widget-container\">\n\t\t\t\t\t\t\t<div class=\"elementor-divider\">\n\t\t\t<span class=\"elementor-divider-separator\">\n\t\t\t\t\t\t<\/span>\n\t\t<\/div>\n\t\t\t\t\t\t<\/div>\n\t\t\t\t<\/div>\n\t\t\t\t\t<\/div>\n\t\t\t\t<\/div>\n\t\t\t\t<\/div>","protected":false},"excerpt":{"rendered":"<p>T\u00e9rminos y Condiciones AAF 1. Aceptaci\u00f3n de los T\u00e9rminos Al acceder y utilizar este sitio web, usted acepta cumplir con estos t\u00e9rminos y condiciones. Si no los acepta, abst\u00e9ngase de [&hellip;]<\/p>","protected":false},"author":1,"featured_media":0,"parent":0,"menu_order":0,"comment_status":"closed","ping_status":"closed","template":"","meta":{"footnotes":""},"class_list":["post-6931","page","type-page","status-publish","hentry"],"_links":{"self":[{"href":"https:\/\/andesartfoundation.org\/en\/wp-json\/wp\/v2\/pages\/6931","targetHints":{"allow":["GET"]}}],"collection":[{"href":"https:\/\/andesartfoundation.org\/en\/wp-json\/wp\/v2\/pages"}],"about":[{"href":"https:\/\/andesartfoundation.org\/en\/wp-json\/wp\/v2\/types\/page"}],"author":[{"embeddable":true,"href":"https:\/\/andesartfoundation.org\/en\/wp-json\/wp\/v2\/users\/1"}],"replies":[{"embeddable":true,"href":"https:\/\/andesartfoundation.org\/en\/wp-json\/wp\/v2\/comments?post=6931"}],"version-history":[{"count":10,"href":"https:\/\/andesartfoundation.org\/en\/wp-json\/wp\/v2\/pages\/6931\/revisions"}],"predecessor-version":[{"id":6942,"href":"https:\/\/andesartfoundation.org\/en\/wp-json\/wp\/v2\/pages\/6931\/revisions\/6942"}],"wp:attachment":[{"href":"https:\/\/andesartfoundation.org\/en\/wp-json\/wp\/v2\/media?parent=6931"}],"curies":[{"name":"wp","href":"https:\/\/api.w.org\/{rel}","templated":true}]}}