{"id":6950,"date":"2025-05-07T11:38:01","date_gmt":"2025-05-07T15:38:01","guid":{"rendered":"https:\/\/andesartfoundation.org\/?page_id=6950"},"modified":"2025-05-09T10:50:55","modified_gmt":"2025-05-09T14:50:55","slug":"politicas-de-privacidad","status":"publish","type":"page","link":"https:\/\/andesartfoundation.org\/en\/politicas-de-privacidad\/","title":{"rendered":"Privacy Policies"},"content":{"rendered":"<div data-elementor-type=\"wp-page\" data-elementor-id=\"6950\" class=\"elementor elementor-6950\" data-elementor-post-type=\"page\">\n\t\t\t\t<div class=\"elementor-element elementor-element-97c3683 e-flex e-con-boxed e-con e-parent\" data-id=\"97c3683\" data-element_type=\"container\">\n\t\t\t\t\t<div class=\"e-con-inner\">\n\t\t\t\t\t<\/div>\n\t\t\t\t<\/div>\n\t\t<div class=\"elementor-element elementor-element-d2e2455 e-flex e-con-boxed e-con e-parent\" data-id=\"d2e2455\" data-element_type=\"container\">\n\t\t\t\t\t<div class=\"e-con-inner\">\n\t\t\t\t<div class=\"elementor-element elementor-element-62ab8cb elementor-widget elementor-widget-heading\" data-id=\"62ab8cb\" data-element_type=\"widget\" data-widget_type=\"heading.default\">\n\t\t\t\t<div class=\"elementor-widget-container\">\n\t\t\t\t\t<h2 class=\"elementor-heading-title elementor-size-default\">Privacy Policies<\/h2>\t\t\t\t<\/div>\n\t\t\t\t<\/div>\n\t\t\t\t<div class=\"elementor-element elementor-element-a464f48 elementor-widget elementor-widget-text-editor\" data-id=\"a464f48\" data-element_type=\"widget\" data-widget_type=\"text-editor.default\">\n\t\t\t\t<div class=\"elementor-widget-container\">\n\t\t\t\t\t\t\t\t\t<h4>1. Introduction<\/h4><p>The Andes Art Foundation is committed to protecting the privacy of individuals who\ninteract with us. This policy outlines how we collect, use, and safeguard personal\ninformation.<br \/><br \/><\/p><h4>2. Information We Collect<\/h4><p>Personal Information: Name, email address, phone number, and mailing address.<br \/><br \/>Usage Data: Information about how you interact with our website or services.<br \/><br \/>Financial Information: For donations or purchases, securely processed through third-\nparty payment systems.<br \/><br \/><br \/><\/p><h4>3. How We Use Your Information<\/h4><p>To manage memberships and donations.<br \/><br \/>To send newsletters and updates about our programs.<br \/><br \/>To comply with legal obligations.<br \/><br \/><br \/><\/p><h4>4. Sharing of Information<\/h4><p>We do not sell or rent your personal information. Data may be shared with trusted service providers for operational purposes, under strict confidentiality agreements.<br \/><br \/><br \/><\/p><h4>5. Seguridad de datos<\/h4><p>We implement robust security measures, including encryption and secure servers, to protect your data.<br \/><br \/><br \/><\/p><h4>6. Your Rights<\/h4><p>You have the right to:<br \/><br \/>Acceder a sus datos personales.<br \/>Solicitar correcciones o eliminaciones. Retirar el consentimiento para el tratamiento de datos.<br \/><br \/><br \/><\/p><h4>7. Contact Us<\/h4><p>For questions or concerns about this policy, please contact us at:<br \/><br \/>Email: andesartorg@gmail.com<br \/><br \/>Tel\u00e9fono: +56 9 41041860<br \/><br \/>Address: Andes Art Foundation, Av. Presidente Riesco 5435, Of 1601, Las Condes, Santiago de Chile.<br \/><br \/><br \/><\/p><h4>8. Policy Updates<\/h4><p>This policy may be updated periodically. Changes will be communicated via our website.<\/p>\t\t\t\t\t\t\t\t<\/div>\n\t\t\t\t<\/div>\n\t\t\t\t\t<\/div>\n\t\t\t\t<\/div>\n\t\t<div class=\"elementor-element elementor-element-0b78e2e e-flex e-con-boxed e-con e-parent\" data-id=\"0b78e2e\" data-element_type=\"container\">\n\t\t\t\t\t<div class=\"e-con-inner\">\n\t\t\t\t<div class=\"elementor-element elementor-element-01972a6 elementor-widget-divider--view-line elementor-widget elementor-widget-divider\" data-id=\"01972a6\" data-element_type=\"widget\" data-widget_type=\"divider.default\">\n\t\t\t\t<div class=\"elementor-widget-container\">\n\t\t\t\t\t\t\t<div class=\"elementor-divider\">\n\t\t\t<span class=\"elementor-divider-separator\">\n\t\t\t\t\t\t<\/span>\n\t\t<\/div>\n\t\t\t\t\t\t<\/div>\n\t\t\t\t<\/div>\n\t\t\t\t\t<\/div>\n\t\t\t\t<\/div>\n\t\t\t\t<\/div>","protected":false},"excerpt":{"rendered":"<p>Pol\u00edticas de Privacidad 1. Introducci\u00f3n La Fundaci\u00f3n de Arte Andes se compromete a proteger la privacidad de las personas que interact\u00faan con nosotros. Esta pol\u00edtica describe c\u00f3mo recopilamos, usamos y [&hellip;]<\/p>","protected":false},"author":1,"featured_media":0,"parent":0,"menu_order":0,"comment_status":"closed","ping_status":"closed","template":"","meta":{"footnotes":""},"class_list":["post-6950","page","type-page","status-publish","hentry"],"_links":{"self":[{"href":"https:\/\/andesartfoundation.org\/en\/wp-json\/wp\/v2\/pages\/6950","targetHints":{"allow":["GET"]}}],"collection":[{"href":"https:\/\/andesartfoundation.org\/en\/wp-json\/wp\/v2\/pages"}],"about":[{"href":"https:\/\/andesartfoundation.org\/en\/wp-json\/wp\/v2\/types\/page"}],"author":[{"embeddable":true,"href":"https:\/\/andesartfoundation.org\/en\/wp-json\/wp\/v2\/users\/1"}],"replies":[{"embeddable":true,"href":"https:\/\/andesartfoundation.org\/en\/wp-json\/wp\/v2\/comments?post=6950"}],"version-history":[{"count":19,"href":"https:\/\/andesartfoundation.org\/en\/wp-json\/wp\/v2\/pages\/6950\/revisions"}],"predecessor-version":[{"id":6987,"href":"https:\/\/andesartfoundation.org\/en\/wp-json\/wp\/v2\/pages\/6950\/revisions\/6987"}],"wp:attachment":[{"href":"https:\/\/andesartfoundation.org\/en\/wp-json\/wp\/v2\/media?parent=6950"}],"curies":[{"name":"wp","href":"https:\/\/api.w.org\/{rel}","templated":true}]}}